{"id":47,"date":"2025-11-30T15:47:01","date_gmt":"2025-11-30T15:47:01","guid":{"rendered":"https:\/\/boisselier.fr\/?page_id=47"},"modified":"2026-01-12T17:31:43","modified_gmt":"2026-01-12T17:31:43","slug":"services","status":"publish","type":"page","link":"https:\/\/boisselier.fr\/index.php\/services\/","title":{"rendered":"Services"},"content":{"rendered":"\t\t<div data-elementor-type=\"wp-page\" data-elementor-id=\"47\" class=\"elementor elementor-47\">\n\t\t\t\t<div class=\"elementor-element elementor-element-9a23e1c e-flex e-con-boxed e-con e-parent\" data-id=\"9a23e1c\" data-element_type=\"container\">\n\t\t\t\t\t<div class=\"e-con-inner\">\n\t\t\t\t\t<\/div>\n\t\t\t\t<\/div>\n\t\t<div class=\"elementor-element elementor-element-63efb47 e-flex e-con-boxed e-con e-parent\" data-id=\"63efb47\" data-element_type=\"container\">\n\t\t\t\t\t<div class=\"e-con-inner\">\n\t\t\t\t<div class=\"elementor-element elementor-element-dfcf886 elementor-widget elementor-widget-heading\" data-id=\"dfcf886\" data-element_type=\"widget\" data-widget_type=\"heading.default\">\n\t\t\t\t\t<h2 class=\"elementor-heading-title elementor-size-default\">Services<\/h2>\t\t\t\t<\/div>\n\t\t\t\t\t<\/div>\n\t\t\t\t<\/div>\n\t\t<div class=\"elementor-element elementor-element-422f5c2 e-flex e-con-boxed e-con e-parent\" data-id=\"422f5c2\" data-element_type=\"container\">\n\t\t\t\t\t<div class=\"e-con-inner\">\n\t\t\t\t<div class=\"elementor-element elementor-element-abebac8 elementor-widget elementor-widget-text-editor\" data-id=\"abebac8\" data-element_type=\"widget\" data-widget_type=\"text-editor.default\">\n\t\t\t\t\t\t\t\t\t<p>Charpentier-menuisier passionn\u00e9, vous propose des prestations sur mesure pour tous vos projets en bois. De la charpente traditionnelle \u00e0 la terrasse design, en passant par les escaliers int\u00e9rieurs et ext\u00e9rieurs, je mets mon expertise \u00e0 votre service pour des r\u00e9alisations durables et esth\u00e9tiques.<\/p>\t\t\t\t\t\t\t\t<\/div>\n\t\t\t\t\t<\/div>\n\t\t\t\t<\/div>\n\t\t<div class=\"elementor-element elementor-element-b54c0ad e-flex e-con-boxed e-con e-parent\" data-id=\"b54c0ad\" data-element_type=\"container\">\n\t\t\t\t\t<div class=\"e-con-inner\">\n\t\t<div class=\"elementor-element elementor-element-5c38e6d e-con-full e-flex e-con e-child\" data-id=\"5c38e6d\" data-element_type=\"container\">\n\t\t\t\t<div class=\"elementor-element elementor-element-81a4b2d elementor-position-top elementor-widget elementor-widget-image-box\" data-id=\"81a4b2d\" data-element_type=\"widget\" data-widget_type=\"image-box.default\">\n\t\t\t\t\t<div class=\"elementor-image-box-wrapper\"><figure class=\"elementor-image-box-img\"><img fetchpriority=\"high\" decoding=\"async\" width=\"800\" height=\"800\" src=\"https:\/\/boisselier.fr\/wp-content\/uploads\/2025\/12\/10-2.png\" class=\"attachment-large size-large wp-image-250\" alt=\"\" srcset=\"https:\/\/boisselier.fr\/wp-content\/uploads\/2025\/12\/10-2.png 800w, https:\/\/boisselier.fr\/wp-content\/uploads\/2025\/12\/10-2-300x300.png 300w, https:\/\/boisselier.fr\/wp-content\/uploads\/2025\/12\/10-2-150x150.png 150w, https:\/\/boisselier.fr\/wp-content\/uploads\/2025\/12\/10-2-768x768.png 768w\" sizes=\"(max-width: 800px) 100vw, 800px\" \/><\/figure><div class=\"elementor-image-box-content\"><h3 class=\"elementor-image-box-title\">Charpente <\/h3><p class=\"elementor-image-box-description\">traditionnelle | moderne  r\u00e9novation<\/p><\/div><\/div>\t\t\t\t<\/div>\n\t\t\t\t<\/div>\n\t\t<div class=\"elementor-element elementor-element-e832660 e-con-full e-flex e-con e-child\" data-id=\"e832660\" data-element_type=\"container\">\n\t\t\t\t<div class=\"elementor-element elementor-element-5636c2a elementor-position-top elementor-widget elementor-widget-image-box\" data-id=\"5636c2a\" data-element_type=\"widget\" data-widget_type=\"image-box.default\">\n\t\t\t\t\t<div class=\"elementor-image-box-wrapper\"><figure class=\"elementor-image-box-img\"><img decoding=\"async\" width=\"800\" height=\"800\" src=\"https:\/\/boisselier.fr\/wp-content\/uploads\/2026\/01\/CHARPENTE-2.png\" class=\"attachment-large size-large wp-image-276\" alt=\"\" srcset=\"https:\/\/boisselier.fr\/wp-content\/uploads\/2026\/01\/CHARPENTE-2.png 800w, https:\/\/boisselier.fr\/wp-content\/uploads\/2026\/01\/CHARPENTE-2-300x300.png 300w, https:\/\/boisselier.fr\/wp-content\/uploads\/2026\/01\/CHARPENTE-2-150x150.png 150w, https:\/\/boisselier.fr\/wp-content\/uploads\/2026\/01\/CHARPENTE-2-768x768.png 768w\" sizes=\"(max-width: 800px) 100vw, 800px\" \/><\/figure><div class=\"elementor-image-box-content\"><h3 class=\"elementor-image-box-title\">Agencement<\/h3><p class=\"elementor-image-box-description\">int\u00e9rieure et ext\u00e9rieure<\/p><\/div><\/div>\t\t\t\t<\/div>\n\t\t\t\t<\/div>\n\t\t<div class=\"elementor-element elementor-element-deaed4d e-con-full e-flex e-con e-child\" data-id=\"deaed4d\" data-element_type=\"container\">\n\t\t\t\t<div class=\"elementor-element elementor-element-714b4ea elementor-position-top elementor-widget elementor-widget-image-box\" data-id=\"714b4ea\" data-element_type=\"widget\" data-widget_type=\"image-box.default\">\n\t\t\t\t\t<div class=\"elementor-image-box-wrapper\"><figure class=\"elementor-image-box-img\"><img decoding=\"async\" width=\"800\" height=\"800\" src=\"https:\/\/boisselier.fr\/wp-content\/uploads\/2025\/12\/12-2.png\" class=\"attachment-large size-large wp-image-252\" alt=\"\" srcset=\"https:\/\/boisselier.fr\/wp-content\/uploads\/2025\/12\/12-2.png 800w, https:\/\/boisselier.fr\/wp-content\/uploads\/2025\/12\/12-2-300x300.png 300w, https:\/\/boisselier.fr\/wp-content\/uploads\/2025\/12\/12-2-150x150.png 150w, https:\/\/boisselier.fr\/wp-content\/uploads\/2025\/12\/12-2-768x768.png 768w\" sizes=\"(max-width: 800px) 100vw, 800px\" \/><\/figure><div class=\"elementor-image-box-content\"><h3 class=\"elementor-image-box-title\">Terrasse<\/h3><p class=\"elementor-image-box-description\">sur mesure, choix des essences, pose<\/p><\/div><\/div>\t\t\t\t<\/div>\n\t\t\t\t<\/div>\n\t\t<div class=\"elementor-element elementor-element-267b682 e-con-full e-flex e-con e-child\" data-id=\"267b682\" data-element_type=\"container\">\n\t\t\t\t<div class=\"elementor-element elementor-element-9063dda elementor-position-top elementor-widget elementor-widget-image-box\" data-id=\"9063dda\" data-element_type=\"widget\" data-widget_type=\"image-box.default\">\n\t\t\t\t\t<div class=\"elementor-image-box-wrapper\"><figure class=\"elementor-image-box-img\"><img loading=\"lazy\" decoding=\"async\" width=\"800\" height=\"800\" src=\"https:\/\/boisselier.fr\/wp-content\/uploads\/2025\/12\/CHARPENTE.png\" class=\"attachment-large size-large wp-image-254\" alt=\"\" srcset=\"https:\/\/boisselier.fr\/wp-content\/uploads\/2025\/12\/CHARPENTE.png 800w, https:\/\/boisselier.fr\/wp-content\/uploads\/2025\/12\/CHARPENTE-300x300.png 300w, https:\/\/boisselier.fr\/wp-content\/uploads\/2025\/12\/CHARPENTE-150x150.png 150w, https:\/\/boisselier.fr\/wp-content\/uploads\/2025\/12\/CHARPENTE-768x768.png 768w\" sizes=\"(max-width: 800px) 100vw, 800px\" \/><\/figure><div class=\"elementor-image-box-content\"><h3 class=\"elementor-image-box-title\">Escaliers<\/h3><p class=\"elementor-image-box-description\">bois, design, int\u00e9rieur\/ext\u00e9rieur<\/p><\/div><\/div>\t\t\t\t<\/div>\n\t\t\t\t<\/div>\n\t\t\t\t\t<\/div>\n\t\t\t\t<\/div>\n\t\t\t\t<\/div>\n\t\t","protected":false},"excerpt":{"rendered":"<p>Services Charpentier-menuisier passionn\u00e9, vous propose des prestations sur mesure pour tous vos projets en bois. De la charpente traditionnelle \u00e0 [&hellip;]<\/p>\n","protected":false},"author":1,"featured_media":0,"parent":0,"menu_order":0,"comment_status":"closed","ping_status":"closed","template":"","meta":{"site-sidebar-layout":"no-sidebar","site-content-layout":"","ast-site-content-layout":"full-width-container","site-content-style":"default","site-sidebar-style":"default","ast-global-header-display":"","ast-banner-title-visibility":"","ast-main-header-display":"","ast-hfb-above-header-display":"","ast-hfb-below-header-display":"","ast-hfb-mobile-header-display":"","site-post-title":"","ast-breadcrumbs-content":"","ast-featured-img":"disabled","footer-sml-layout":"","theme-transparent-header-meta":"","adv-header-id-meta":"","stick-header-meta":"","header-above-stick-meta":"","header-main-stick-meta":"","header-below-stick-meta":"","astra-migrate-meta-layouts":"default","ast-page-background-enabled":"default","ast-page-background-meta":{"desktop":{"background-color":"var(--ast-global-color-5)","background-image":"","background-repeat":"repeat","background-position":"center center","background-size":"auto","background-attachment":"scroll","background-type":"","background-media":"","overlay-type":"","overlay-color":"","overlay-opacity":"","overlay-gradient":""},"tablet":{"background-color":"","background-image":"","background-repeat":"repeat","background-position":"center center","background-size":"auto","background-attachment":"scroll","background-type":"","background-media":"","overlay-type":"","overlay-color":"","overlay-opacity":"","overlay-gradient":""},"mobile":{"background-color":"","background-image":"","background-repeat":"repeat","background-position":"center center","background-size":"auto","background-attachment":"scroll","background-type":"","background-media":"","overlay-type":"","overlay-color":"","overlay-opacity":"","overlay-gradient":""}},"ast-content-background-meta":{"desktop":{"background-color":"var(--ast-global-color-4)","background-image":"","background-repeat":"repeat","background-position":"center center","background-size":"auto","background-attachment":"scroll","background-type":"","background-media":"","overlay-type":"","overlay-color":"","overlay-opacity":"","overlay-gradient":""},"tablet":{"background-color":"var(--ast-global-color-4)","background-image":"","background-repeat":"repeat","background-position":"center center","background-size":"auto","background-attachment":"scroll","background-type":"","background-media":"","overlay-type":"","overlay-color":"","overlay-opacity":"","overlay-gradient":""},"mobile":{"background-color":"var(--ast-global-color-4)","background-image":"","background-repeat":"repeat","background-position":"center center","background-size":"auto","background-attachment":"scroll","background-type":"","background-media":"","overlay-type":"","overlay-color":"","overlay-opacity":"","overlay-gradient":""}},"footnotes":""},"class_list":["post-47","page","type-page","status-publish","hentry"],"_links":{"self":[{"href":"https:\/\/boisselier.fr\/index.php\/wp-json\/wp\/v2\/pages\/47","targetHints":{"allow":["GET"]}}],"collection":[{"href":"https:\/\/boisselier.fr\/index.php\/wp-json\/wp\/v2\/pages"}],"about":[{"href":"https:\/\/boisselier.fr\/index.php\/wp-json\/wp\/v2\/types\/page"}],"author":[{"embeddable":true,"href":"https:\/\/boisselier.fr\/index.php\/wp-json\/wp\/v2\/users\/1"}],"replies":[{"embeddable":true,"href":"https:\/\/boisselier.fr\/index.php\/wp-json\/wp\/v2\/comments?post=47"}],"version-history":[{"count":13,"href":"https:\/\/boisselier.fr\/index.php\/wp-json\/wp\/v2\/pages\/47\/revisions"}],"predecessor-version":[{"id":283,"href":"https:\/\/boisselier.fr\/index.php\/wp-json\/wp\/v2\/pages\/47\/revisions\/283"}],"wp:attachment":[{"href":"https:\/\/boisselier.fr\/index.php\/wp-json\/wp\/v2\/media?parent=47"}],"curies":[{"name":"wp","href":"https:\/\/api.w.org\/{rel}","templated":true}]}}